{"id":3082,"date":"2025-07-07T14:51:41","date_gmt":"2025-07-07T12:51:41","guid":{"rendered":"https:\/\/cultivatex.bloomserver.ch\/engagement\/"},"modified":"2026-01-11T11:49:07","modified_gmt":"2026-01-11T10:49:07","slug":"engagement","status":"publish","type":"page","link":"https:\/\/cultivatex.bloomserver.ch\/en\/engagement\/","title":{"rendered":"Engagement"},"content":{"rendered":"<div style=\"padding-top:var(--wp--preset--spacing--240);padding-bottom:var(--wp--preset--spacing--240);\" class=\"intro-block container alignfull show-shape alignfull padding-top-m-120 padding-bottom-m-40 wp-block-acf-intro has-background has-branded-primary-light-to-accent-gradient-background\" >\n  \n  <div class=\"show-background \">    \n    \n    <img\n      src=\"https:\/\/cultivatex.bloomserver.ch\/wp-content\/themes\/cultivatex\/images\/layout\/x-mark-background.png\"\n      alt=\"\"\n      fetchpriority=\"high\"\n      decoding=\"async\"\n      loading=\"eager\"\n      aria-hidden=\"true\"\n      style=\"position:absolute; width:0; height:0; overflow:hidden; opacity:0; pointer-events:none;\"\n    \/>\n    \n  <\/div>\n\n  <div class=\"wrapper  reverse\" data-aos=\"fade-up\" data-aos-delay=\"300\">\n    \n\n<div class=\"wp-block-columns are-vertically-aligned-center is-layout-flex wp-container-core-columns-is-layout-28f84493 wp-block-columns-is-layout-flex\">\n<div class=\"wp-block-column is-vertically-aligned-center padding-horizontal-s-0 is-layout-flow wp-block-column-is-layout-flow\" style=\"padding-right:var(--wp--preset--spacing--16);padding-left:var(--wp--preset--spacing--16);flex-basis:700px\">\n<h1 class=\"wp-block-heading\">Unsere <mark style=\"background-color:rgba(0, 0, 0, 0)\" class=\"has-inline-color has-tertiary-color-color\">Verantwortung<\/mark> beginnt im<mark style=\"background-color:rgba(0, 0, 0, 0)\" class=\"has-inline-color has-secondary-color-color\"> Mikrokosmos<\/mark><\/h1>\n<\/div>\n\n\n\n<div class=\"wp-block-column is-vertically-aligned-center padding-horizontal-s-0 is-layout-flow wp-block-column-is-layout-flow\" style=\"padding-right:var(--wp--preset--spacing--16);padding-left:var(--wp--preset--spacing--16);flex-basis:600px\">\n<figure class=\"wp-block-image size-width-800 has-custom-border is-style-rounded-8\"><img decoding=\"async\" width=\"800\" height=\"533\" loading=\"lazy\" src=\"https:\/\/cultivatex.bloomserver.ch\/wp-content\/uploads\/2026\/01\/pexels-akilmazumder-1072824-800x533.jpg\" alt=\"\" class=\"has-border-color has-body-bg-border-color wp-image-3413\" style=\"border-width:6px;border-radius:8px;box-shadow:var(--wp--preset--shadow--natural)\" srcset=\"https:\/\/cultivatex.bloomserver.ch\/wp-content\/uploads\/2026\/01\/pexels-akilmazumder-1072824-800x533.jpg 800w, https:\/\/cultivatex.bloomserver.ch\/wp-content\/uploads\/2026\/01\/pexels-akilmazumder-1072824-1220x813.jpg 1220w, https:\/\/cultivatex.bloomserver.ch\/wp-content\/uploads\/2026\/01\/pexels-akilmazumder-1072824-400x267.jpg 400w, https:\/\/cultivatex.bloomserver.ch\/wp-content\/uploads\/2026\/01\/pexels-akilmazumder-1072824-1320x880.jpg 1320w, https:\/\/cultivatex.bloomserver.ch\/wp-content\/uploads\/2026\/01\/pexels-akilmazumder-1072824.jpg 2560w\" sizes=\"auto, (max-width: 800px) 100vw, 800px\" \/><\/figure>\n<\/div>\n<\/div>\n\n  <\/div>\n    \n<\/div>\n\n\n<div class=\"wp-block-group margin-top-s-40 is-layout-constrained wp-block-group-is-layout-constrained\">\n<div class=\"wp-block-columns are-vertically-aligned-center is-layout-flex wp-container-core-columns-is-layout-cf05694f wp-block-columns-is-layout-flex\">\n<div class=\"wp-block-column is-vertically-aligned-center is-layout-flow wp-block-column-is-layout-flow\">\n<figure class=\"wp-block-image size-width-800 is-style-abstract-shape-two\"><img decoding=\"async\" width=\"800\" height=\"582\" loading=\"lazy\" src=\"https:\/\/cultivatex.bloomserver.ch\/wp-content\/uploads\/2026\/01\/Gemini_Generated_Image_wzoxirwzoxirwzox-800x582.jpg\" alt=\"\" class=\"wp-image-3411\" srcset=\"https:\/\/cultivatex.bloomserver.ch\/wp-content\/uploads\/2026\/01\/Gemini_Generated_Image_wzoxirwzoxirwzox-800x582.jpg 800w, https:\/\/cultivatex.bloomserver.ch\/wp-content\/uploads\/2026\/01\/Gemini_Generated_Image_wzoxirwzoxirwzox-400x291.jpg 400w, https:\/\/cultivatex.bloomserver.ch\/wp-content\/uploads\/2026\/01\/Gemini_Generated_Image_wzoxirwzoxirwzox.jpg 1024w\" sizes=\"auto, (max-width: 800px) 100vw, 800px\" \/><\/figure>\n<\/div>\n\n\n\n<div class=\"wp-block-column is-vertically-aligned-center is-layout-flow wp-block-column-is-layout-flow\" style=\"flex-basis:800px\">\n<h2 class=\"wp-block-heading\">Arbeit und Leben f\u00fcrs Gemeinwohl (Kyosei \u5171\u751f)<\/h2>\n\n\n\n<p>Wir sind nicht nur Arbeitnehmende oder Arbeitgebende. Wir sind B\u00fcrgerinnen und B\u00fcrger in einer direkten Demokratie. Dazu geh\u00f6rt auch, Verantwortung zu \u00fcbernehmen \u2013 durch Care-Arbeit, freiwilliges Engagement und zivilgesellschaftliche Beteiligung. Wir schaffen Zeit und Raum, um genau das zu leben \u2013 durch Projekte, die Menschen verbinden, Teilhabe erm\u00f6glichen und konkrete Beitr\u00e4ge zum Gemeinwohl leisten. Denn die Arbeitswelt von morgen entsteht nicht von allein. Wir von cultivateX gestalten sie mit \u2013 politisch, unternehmerisch\u00a0und gemeinn\u00fctzig.<\/p>\n<\/div>\n<\/div>\n<\/div>\n\n\n\n<div class=\"wp-block-group has-gray-50-background-color has-background is-layout-constrained wp-container-core-group-is-layout-09a4af98 wp-block-group-is-layout-constrained\" style=\"margin-top:var(--wp--preset--spacing--120);margin-bottom:var(--wp--preset--spacing--120);padding-top:var(--wp--preset--spacing--88);padding-bottom:var(--wp--preset--spacing--88)\">\n<h2 class=\"wp-block-heading has-text-align-center\" style=\"font-style:normal;font-weight:300\"><strong>Initiativen, die wir <\/strong><br><strong><mark style=\"background-color:rgba(0, 0, 0, 0)\" class=\"has-inline-color has-secondary-color-color\">mitgestalten oder unterst\u00fctzen<\/mark><\/strong><\/h2>\n\n\n\n<div class=\"tab-container-block\" data-container-id=\"block_ee13c17b542b1ab148e2c5241ba07b8b\">\n<div  class=\"container align wp-block-acf-tab-container\">\n    <div class=\"wrapper\">\n      \n      <ul class=\"tab-container-icons\" style=\"display: none;\"><\/ul>\n      <ul class=\"tab-container-navigation\"><\/ul>\n      \n      <div class=\"tabs\">\n        \n<div  class=\"tab-section-block wp-block-acf-tab-section align wp-block-acf-tab-section\" \n     data-navigation-title=\"Tramstation Glattpark\"\n     data-has-icon=\"false\"\n     data-title=\"tramstation-glattpark\">\n     \n  <!-- Hidden icon for JavaScript to access -->\n       \n  \n\n<div class=\"wp-block-columns is-layout-flex wp-container-core-columns-is-layout-28f84493 wp-block-columns-is-layout-flex\">\n<div class=\"wp-block-column is-layout-flow wp-block-column-is-layout-flow\" style=\"flex-basis:40%\">\n<figure class=\"wp-block-image size-rect-800x600 is-style-abstract-shape-three\"><img decoding=\"async\" width=\"800\" height=\"600\" loading=\"lazy\" src=\"https:\/\/cultivatex.bloomserver.ch\/wp-content\/uploads\/2025\/07\/Tramstation_Glattpark-800x600.jpg\" alt=\"\" class=\"wp-image-2326\" srcset=\"https:\/\/cultivatex.bloomserver.ch\/wp-content\/uploads\/2025\/07\/Tramstation_Glattpark-800x600.jpg 800w, https:\/\/cultivatex.bloomserver.ch\/wp-content\/uploads\/2025\/07\/Tramstation_Glattpark-1220x915.jpg 1220w, https:\/\/cultivatex.bloomserver.ch\/wp-content\/uploads\/2025\/07\/Tramstation_Glattpark-400x300.jpg 400w, https:\/\/cultivatex.bloomserver.ch\/wp-content\/uploads\/2025\/07\/Tramstation_Glattpark-1320x990.jpg 1320w, https:\/\/cultivatex.bloomserver.ch\/wp-content\/uploads\/2025\/07\/Tramstation_Glattpark.jpg 2000w\" sizes=\"auto, (max-width: 800px) 100vw, 800px\" \/><\/figure>\n<\/div>\n\n\n\n<div class=\"wp-block-column has-body-bg-background-color has-background is-layout-flow wp-block-column-is-layout-flow\" style=\"border-radius:8px;padding-top:var(--wp--preset--spacing--40);padding-right:var(--wp--preset--spacing--40);padding-bottom:var(--wp--preset--spacing--40);padding-left:var(--wp--preset--spacing--40);flex-basis:746px\">\n<div class=\"wp-block-group is-layout-constrained wp-block-group-is-layout-constrained\">\n<h2 class=\"wp-block-heading has-black-color has-text-color has-link-color has-extralarge-font-size wp-elements-e226412c880780e3cd04ebff3a806294\" style=\"font-style:normal;font-weight:500\">Tramstation Glattpark (2021 \u2013 2022)<\/h2>\n\n\n\n<p>Ein Ort f\u00fcr Austausch nach der Arbeit \u2013 offen f\u00fcr alle, unabh\u00e4ngig von Beruf oder Herkunft. Die Sommerbar an der Tramstation Glattpark bringt Menschen aus unterschiedlichsten Arbeits- und Lebenswelten zusammen. Ein Projekt, das Nachbarschaft st\u00e4rkt und Perspektiven verbindet.<\/p>\n\n\n\n<div class=\"wp-block-buttons is-layout-flex wp-block-buttons-is-layout-flex\">\n<div class=\"wp-block-button\"><a class=\"wp-block-button__link wp-element-button\" href=\"https:\/\/www.facebook.com\/TramstationGlattpark\/photos\">R\u00fcckblick<\/a><\/div>\n<\/div>\n<\/div>\n<\/div>\n<\/div>\n\n\n<\/div>\n\n\n<div  class=\"tab-section-block wp-block-acf-tab-section align wp-block-acf-tab-section\" \n     data-navigation-title=\"Perspektive Arbeit\"\n     data-has-icon=\"false\"\n     data-title=\"perspektive-arbeit\">\n     \n  <!-- Hidden icon for JavaScript to access -->\n       \n  \n\n<div class=\"wp-block-columns is-layout-flex wp-container-core-columns-is-layout-28f84493 wp-block-columns-is-layout-flex\">\n<div class=\"wp-block-column is-layout-flow wp-block-column-is-layout-flow\" style=\"flex-basis:40%\">\n<figure class=\"wp-block-image size-rect-800x600 is-style-abstract-shape-three\"><img decoding=\"async\" width=\"800\" height=\"600\" loading=\"lazy\" src=\"https:\/\/cultivatex.bloomserver.ch\/wp-content\/uploads\/2025\/08\/man-holding-eyeglasses-800x600.jpg\" alt=\"\" class=\"wp-image-2930\"\/><\/figure>\n<\/div>\n\n\n\n<div class=\"wp-block-column has-body-bg-background-color has-background is-layout-flow wp-block-column-is-layout-flow\" style=\"border-radius:8px;padding-top:var(--wp--preset--spacing--40);padding-right:var(--wp--preset--spacing--40);padding-bottom:var(--wp--preset--spacing--40);padding-left:var(--wp--preset--spacing--40);flex-basis:746px\">\n<h2 class=\"wp-block-heading has-black-color has-text-color has-link-color has-extralarge-font-size wp-elements-67dd72aa090d14c3df9d21dfd4666904\" style=\"font-style:normal;font-weight:500\">Arbeit als Schl\u00fcssel zur Teilhabe<\/h2>\n\n\n\n<p>Wer in unserer Gesellschaft ankommen will, braucht Zugang zur Arbeitswelt. Aus \u00dcberzeugung unterst\u00fctzen wir gefl\u00fcchtete Menschen dabei, eine Arbeitsstelle zu finden \u2013 durch Coaching, Matching und pers\u00f6nliche Begleitung. Denn echte Integration gelingt unserer Meinung nach am besten durch Arbeit.<\/p>\n\n\n\n<div class=\"wp-block-buttons is-layout-flex wp-block-buttons-is-layout-flex\">\n<div class=\"wp-block-button\"><a class=\"wp-block-button__link wp-element-button\" href=\"https:\/\/www.srk-zuerich.ch\/fuer-sie-da\/migration-integration\/perspektive-arbeit-fuer-gefluechtete\">Jetzt engagieren<\/a><\/div>\n<\/div>\n<\/div>\n<\/div>\n\n\n<\/div>\n\n\n      <\/div>\n    <\/div>\n<\/div>\n<\/div>\n<\/div>\n\n\n\n<div class=\"wp-block-group is-layout-constrained wp-block-group-is-layout-constrained\">\n<div class=\"wp-block-group is-layout-constrained wp-container-core-group-is-layout-dab6a9fa wp-block-group-is-layout-constrained\" style=\"margin-bottom:var(--wp--preset--spacing--80)\">\n<h2 class=\"wp-block-heading has-text-align-center\"><strong>One Percent for the Planet. <\/strong><br><strong><mark style=\"background-color:rgba(0, 0, 0, 0)\" class=\"has-inline-color has-secondary-color-color\">One Percent for the People.<\/mark><\/strong><\/h2>\n\n\n\n<p class=\"has-text-align-center\">Engagement braucht nicht nur freiwillige Arbeit, sondern auch Geld. Deshalb legen wir jedes Jahr <a><strong>1\u202f% unseres Umsatzes<\/strong> und <strong>1\u202f% unseres Gewinns<\/strong><\/a>&nbsp;f\u00fcr solche Projekte zur Seite. So entstehen \u00fcber die Zeit finanzielle Mittel f\u00fcr Initiativen, die zwar nicht direkt zum Kerngesch\u00e4ft geh\u00f6ren, aber wesentlich f\u00fcr das sind, was wir unter guter Arbeit verstehen.<a id=\"_msocom_1\"><\/a><\/p>\n<\/div>\n\n\n<div  class=\"image-call-to-action align wp-elements-04e7a22d0012c1534ce6f80d0b1745cf wp-block-acf-image-call-to-action has-text-color has-body-bg-color\">\n  <div class=\"wrapper\">\n    <div class=\"image\">\n                  <picture>\n                                    <source\n                        media=\"(max-width: 980px)\"\n                        srcset=\"https:\/\/cultivatex.bloomserver.ch\/wp-content\/uploads\/2025\/07\/eine-kleine-grune-pflanze-die-aus-dem-boden-spriesst-small-1-640x640.jpg 640w\"\n                        width=\"640\"\n                        height=\"640\"\n                        \/>\n                                        <source\n                        media=\"(max-width: 1320px)\"\n                        srcset=\"https:\/\/cultivatex.bloomserver.ch\/wp-content\/uploads\/2025\/07\/eine-kleine-grune-pflanze-die-aus-dem-boden-spriesst-small-1-848x1250.jpg 848w\"\n                        width=\"848\"\n                        height=\"1250\"\n                        \/>\n\n                    <img decoding=\"async\"\n                                                loading=\"lazy\"\n                                                src=\"https:\/\/cultivatex.bloomserver.ch\/wp-content\/uploads\/2025\/07\/eine-kleine-grune-pflanze-die-aus-dem-boden-spriesst-small-1-848x1250.jpg\"\n                        width=\"848\"\n                        height=\"1250\"\n                        alt=\"\" \/>\n\n                            <\/picture>\n                  <\/div>\n      <div class=\"inner-content\">\n        <div class=\"block-wrapper\">\n        \n\n<h3 class=\"wp-block-heading has-body-bg-color has-text-color has-link-color has-extralarge-font-size wp-elements-d94c60224530c79ce789e9a7c49b73b6\">Lust auf gemeinsame Wirkung?<\/h3>\n\n\n\n<p class=\"has-large-font-size\">Gesellschaft ver\u00e4ndert sich nicht von allein.<br>Wir freuen uns \u00fcber Initiativen, Anfragen oder Kooperationen.<\/p>\n\n\n\n<div class=\"wp-block-buttons is-layout-flex wp-block-buttons-is-layout-flex\">\n<div class=\"wp-block-button\"><a class=\"wp-block-button__link has-primary-color-color has-tertiary-primary-muted-background-color has-text-color has-background has-link-color wp-element-button\" href=\"https:\/\/cultivatex.bloomserver.ch\/en\/contact\/\">Kontakt<\/a><\/div>\n<\/div>\n\n        <\/div>\n      <\/div>\n    <\/div>\n<\/div><\/div>\n","protected":false},"excerpt":{"rendered":"<p>Arbeit und Leben f\u00fcrs Gemeinwohl (Kyosei \u5171\u751f) Wir sind nicht nur Arbeitnehmende oder Arbeitgebende. Wir sind B\u00fcrgerinnen und B\u00fcrger in&hellip;<\/p>\n","protected":false},"author":2,"featured_media":0,"parent":0,"menu_order":0,"comment_status":"closed","ping_status":"closed","template":"content-full-width.php","meta":{"_acf_changed":false,"footnotes":""},"class_list":["post-3082","page","type-page","status-publish","hentry"],"acf":[],"_links":{"self":[{"href":"https:\/\/cultivatex.bloomserver.ch\/en\/wp-json\/wp\/v2\/pages\/3082","targetHints":{"allow":["GET"]}}],"collection":[{"href":"https:\/\/cultivatex.bloomserver.ch\/en\/wp-json\/wp\/v2\/pages"}],"about":[{"href":"https:\/\/cultivatex.bloomserver.ch\/en\/wp-json\/wp\/v2\/types\/page"}],"author":[{"embeddable":true,"href":"https:\/\/cultivatex.bloomserver.ch\/en\/wp-json\/wp\/v2\/users\/2"}],"replies":[{"embeddable":true,"href":"https:\/\/cultivatex.bloomserver.ch\/en\/wp-json\/wp\/v2\/comments?post=3082"}],"version-history":[{"count":11,"href":"https:\/\/cultivatex.bloomserver.ch\/en\/wp-json\/wp\/v2\/pages\/3082\/revisions"}],"predecessor-version":[{"id":3421,"href":"https:\/\/cultivatex.bloomserver.ch\/en\/wp-json\/wp\/v2\/pages\/3082\/revisions\/3421"}],"wp:attachment":[{"href":"https:\/\/cultivatex.bloomserver.ch\/en\/wp-json\/wp\/v2\/media?parent=3082"}],"curies":[{"name":"wp","href":"https:\/\/api.w.org\/{rel}","templated":true}]}}